{"id":19,"date":"2024-05-03T15:40:41","date_gmt":"2024-05-03T15:40:41","guid":{"rendered":"https:\/\/www.mysmartcad.com\/?page_id=19"},"modified":"2024-05-30T21:52:18","modified_gmt":"2024-05-30T21:52:18","slug":"mission","status":"publish","type":"page","link":"https:\/\/www.mysmartcad.com\/fr\/mission\/","title":{"rendered":"mission"},"content":{"rendered":"<div data-elementor-type=\"wp-page\" data-elementor-id=\"19\" class=\"elementor elementor-19\" data-elementor-post-type=\"page\">\n\t\t\t\t\t\t<section class=\"elementor-section elementor-top-section elementor-element elementor-element-b98cb3f elementor-section-height-min-height elementor-section-boxed elementor-section-height-default elementor-section-items-middle\" data-id=\"b98cb3f\" data-element_type=\"section\" data-settings=\"{&quot;background_background&quot;:&quot;classic&quot;}\">\n\t\t\t\t\t\t\t<div class=\"elementor-background-overlay\"><\/div>\n\t\t\t\t\t\t\t<div class=\"elementor-container elementor-column-gap-default\">\n\t\t\t\t\t<div class=\"elementor-column elementor-col-100 elementor-top-column elementor-element elementor-element-1a8a3c1\" data-id=\"1a8a3c1\" data-element_type=\"column\">\n\t\t\t<div class=\"elementor-widget-wrap elementor-element-populated\">\n\t\t\t\t\t\t<div class=\"elementor-element elementor-element-4edb410 elementor-widget elementor-widget-heading\" data-id=\"4edb410\" data-element_type=\"widget\" data-widget_type=\"heading.default\">\n\t\t\t\t<div class=\"elementor-widget-container\">\n\t\t\t<style>\/*! elementor - v3.21.0 - 26-05-2024 *\/\n.elementor-heading-title{padding:0;margin:0;line-height:1}.elementor-widget-heading .elementor-heading-title[class*=elementor-size-]>a{color:inherit;font-size:inherit;line-height:inherit}.elementor-widget-heading .elementor-heading-title.elementor-size-small{font-size:15px}.elementor-widget-heading .elementor-heading-title.elementor-size-medium{font-size:19px}.elementor-widget-heading .elementor-heading-title.elementor-size-large{font-size:29px}.elementor-widget-heading .elementor-heading-title.elementor-size-xl{font-size:39px}.elementor-widget-heading .elementor-heading-title.elementor-size-xxl{font-size:59px}<\/style><h2 class=\"elementor-heading-title elementor-size-default\">Notre <span style=\"color:#ee612c\">mission<\/span> <\/h2>\t\t<\/div>\n\t\t\t\t<\/div>\n\t\t\t\t\t<\/div>\n\t\t<\/div>\n\t\t\t\t\t<\/div>\n\t\t<\/section>\n\t\t\t\t<section class=\"elementor-section elementor-top-section elementor-element elementor-element-6f6c93d5 elementor-section-boxed elementor-section-height-default elementor-section-height-default\" data-id=\"6f6c93d5\" data-element_type=\"section\">\n\t\t\t\t\t\t<div class=\"elementor-container elementor-column-gap-default\">\n\t\t\t\t\t<div class=\"elementor-column elementor-col-50 elementor-top-column elementor-element elementor-element-4b8d973\" data-id=\"4b8d973\" data-element_type=\"column\">\n\t\t\t<div class=\"elementor-widget-wrap elementor-element-populated\">\n\t\t\t\t\t\t<div class=\"elementor-element elementor-element-de28650 elementor-widget elementor-widget-heading\" data-id=\"de28650\" data-element_type=\"widget\" data-widget_type=\"heading.default\">\n\t\t\t\t<div class=\"elementor-widget-container\">\n\t\t\t<h3 class=\"elementor-heading-title elementor-size-default\">Notre Mission<\/h3>\t\t<\/div>\n\t\t\t\t<\/div>\n\t\t\t\t\t<\/div>\n\t\t<\/div>\n\t\t\t\t<div class=\"elementor-column elementor-col-50 elementor-top-column elementor-element elementor-element-a8d1003\" data-id=\"a8d1003\" data-element_type=\"column\">\n\t\t\t<div class=\"elementor-widget-wrap elementor-element-populated\">\n\t\t\t\t\t\t<div class=\"elementor-element elementor-element-5d7b94dc elementor-widget elementor-widget-text-editor\" data-id=\"5d7b94dc\" data-element_type=\"widget\" data-widget_type=\"text-editor.default\">\n\t\t\t\t<div class=\"elementor-widget-container\">\n\t\t\t<style>\/*! elementor - v3.21.0 - 26-05-2024 *\/\n.elementor-widget-text-editor.elementor-drop-cap-view-stacked .elementor-drop-cap{background-color:#69727d;color:#fff}.elementor-widget-text-editor.elementor-drop-cap-view-framed .elementor-drop-cap{color:#69727d;border:3px solid;background-color:transparent}.elementor-widget-text-editor:not(.elementor-drop-cap-view-default) .elementor-drop-cap{margin-top:8px}.elementor-widget-text-editor:not(.elementor-drop-cap-view-default) .elementor-drop-cap-letter{width:1em;height:1em}.elementor-widget-text-editor .elementor-drop-cap{float:left;text-align:center;line-height:1;font-size:50px}.elementor-widget-text-editor .elementor-drop-cap-letter{display:inline-block}<\/style>\t\t\t\tNotre expertise est \u00e0 la fois fiable et respect\u00e9e, favorisant des relations solides fond\u00e9es sur I' ouverture et honn\u00eatet\u00e9. Nous encourageons \u00e0 rompre avec les sch\u00e9mas de pens\u00e9e familiers et \u00e0 \u00e9liminer la peur gr\u00e2ce \u00e0 la transparence et au libre\n\u00e9change d\u2019informations, qu\u2019il s\u2019agisse de bonnes ou de mauvaises nouvelles. De plus, nous respectons et honorons profond\u00e9ment la confidentialit\u00e9, garantissant une base de\nconfiance dans toutes les interactions.\t\t\t\t\t\t<\/div>\n\t\t\t\t<\/div>\n\t\t\t\t\t<\/div>\n\t\t<\/div>\n\t\t\t\t\t<\/div>\n\t\t<\/section>\n\t\t\t\t<section class=\"elementor-section elementor-top-section elementor-element elementor-element-48858429 elementor-section-boxed elementor-section-height-default elementor-section-height-default\" data-id=\"48858429\" data-element_type=\"section\">\n\t\t\t\t\t\t<div class=\"elementor-container elementor-column-gap-default\">\n\t\t\t\t\t<div class=\"elementor-column elementor-col-100 elementor-top-column elementor-element elementor-element-2b41e35f\" data-id=\"2b41e35f\" data-element_type=\"column\">\n\t\t\t<div class=\"elementor-widget-wrap elementor-element-populated\">\n\t\t\t\t\t\t<div class=\"elementor-element elementor-element-65598f80 elementor-widget elementor-widget-heading\" data-id=\"65598f80\" data-element_type=\"widget\" data-widget_type=\"heading.default\">\n\t\t\t\t<div class=\"elementor-widget-container\">\n\t\t\t<h2 class=\"elementor-heading-title elementor-size-default\">Le Temps<span style=\"color:#ee612c\"> Compte<\/span><\/h2>\t\t<\/div>\n\t\t\t\t<\/div>\n\t\t\t\t\t<\/div>\n\t\t<\/div>\n\t\t\t\t\t<\/div>\n\t\t<\/section>\n\t\t\t\t<section class=\"elementor-section elementor-top-section elementor-element elementor-element-7973f046 elementor-section-boxed elementor-section-height-default elementor-section-height-default\" data-id=\"7973f046\" data-element_type=\"section\">\n\t\t\t\t\t\t<div class=\"elementor-container elementor-column-gap-default\">\n\t\t\t\t\t<div class=\"elementor-column elementor-col-50 elementor-top-column elementor-element elementor-element-68960f91\" data-id=\"68960f91\" data-element_type=\"column\">\n\t\t\t<div class=\"elementor-widget-wrap elementor-element-populated\">\n\t\t\t\t\t\t<div class=\"elementor-element elementor-element-3b1f6527 elementor-widget elementor-widget-image\" data-id=\"3b1f6527\" data-element_type=\"widget\" data-widget_type=\"image.default\">\n\t\t\t\t<div class=\"elementor-widget-container\">\n\t\t\t<style>\/*! elementor - v3.21.0 - 26-05-2024 *\/\n.elementor-widget-image{text-align:center}.elementor-widget-image a{display:inline-block}.elementor-widget-image a img[src$=\".svg\"]{width:48px}.elementor-widget-image img{vertical-align:middle;display:inline-block}<\/style>\t\t\t\t\t\t\t\t\t\t<img fetchpriority=\"high\" decoding=\"async\" width=\"1024\" height=\"678\" src=\"https:\/\/www.mysmartcad.com\/wp-content\/uploads\/2024\/05\/pexels-visual-tag-mx-1321732-2566581-1024x678.jpg\" class=\"attachment-large size-large wp-image-211\" alt=\"\" srcset=\"https:\/\/www.mysmartcad.com\/wp-content\/uploads\/2024\/05\/pexels-visual-tag-mx-1321732-2566581-1024x678.jpg 1024w, https:\/\/www.mysmartcad.com\/wp-content\/uploads\/2024\/05\/pexels-visual-tag-mx-1321732-2566581-300x199.jpg 300w, https:\/\/www.mysmartcad.com\/wp-content\/uploads\/2024\/05\/pexels-visual-tag-mx-1321732-2566581-768x509.jpg 768w, https:\/\/www.mysmartcad.com\/wp-content\/uploads\/2024\/05\/pexels-visual-tag-mx-1321732-2566581.jpg 1280w\" sizes=\"(max-width: 1024px) 100vw, 1024px\" \/>\t\t\t\t\t\t\t\t\t\t\t\t\t<\/div>\n\t\t\t\t<\/div>\n\t\t\t\t<div class=\"elementor-element elementor-element-58f98c18 elementor-widget elementor-widget-text-editor\" data-id=\"58f98c18\" data-element_type=\"widget\" data-widget_type=\"text-editor.default\">\n\t\t\t\t<div class=\"elementor-widget-container\">\n\t\t\t\t\t\t\tLes questions et les probl\u00e8mes sont \n\u00eatre trait\u00e9e imm\u00e9diatement ou d\u00e8s que les informations pertinentes sont recueillies.\t\t\t\t\t\t<\/div>\n\t\t\t\t<\/div>\n\t\t\t\t\t<\/div>\n\t\t<\/div>\n\t\t\t\t<div class=\"elementor-column elementor-col-50 elementor-top-column elementor-element elementor-element-28b9c9a4\" data-id=\"28b9c9a4\" data-element_type=\"column\">\n\t\t\t<div class=\"elementor-widget-wrap elementor-element-populated\">\n\t\t\t\t\t\t<div class=\"elementor-element elementor-element-4edc9a31 elementor-widget elementor-widget-text-editor\" data-id=\"4edc9a31\" data-element_type=\"widget\" data-widget_type=\"text-editor.default\">\n\t\t\t\t<div class=\"elementor-widget-container\">\n\t\t\t\t\t\t\tNous consid\u00e9rons le temps comme un avantage concurrentiel essentiel. Nous accordons la priorit\u00e9 \u00e0 la rapidit\u00e9, garantissant une livraison rapide des travaux \u00e0 nos clients. Nous agissons\nrapidement pour atteindre nos objectifs et remplir nos engagements. En \u00e9valuant chaque situation, nous r\u00e9pondons de mani\u00e8re appropri\u00e9e. \n\t\t\t\t\t\t<\/div>\n\t\t\t\t<\/div>\n\t\t\t\t\t<\/div>\n\t\t<\/div>\n\t\t\t\t\t<\/div>\n\t\t<\/section>\n\t\t\t\t<section class=\"elementor-section elementor-top-section elementor-element elementor-element-241aeff elementor-section-boxed elementor-section-height-default elementor-section-height-default\" data-id=\"241aeff\" data-element_type=\"section\">\n\t\t\t\t\t\t<div class=\"elementor-container elementor-column-gap-default\">\n\t\t\t\t\t<div class=\"elementor-column elementor-col-100 elementor-top-column elementor-element elementor-element-6dcd630\" data-id=\"6dcd630\" data-element_type=\"column\">\n\t\t\t<div class=\"elementor-widget-wrap elementor-element-populated\">\n\t\t\t\t\t\t<div class=\"elementor-element elementor-element-213772e elementor-widget elementor-widget-heading\" data-id=\"213772e\" data-element_type=\"widget\" data-widget_type=\"heading.default\">\n\t\t\t\t<div class=\"elementor-widget-container\">\n\t\t\t<h2 class=\"elementor-heading-title elementor-size-default\">Confiance<\/h2>\t\t<\/div>\n\t\t\t\t<\/div>\n\t\t\t\t\t<\/div>\n\t\t<\/div>\n\t\t\t\t\t<\/div>\n\t\t<\/section>\n\t\t\t\t<section class=\"elementor-section elementor-top-section elementor-element elementor-element-7c5f21e elementor-section-boxed elementor-section-height-default elementor-section-height-default\" data-id=\"7c5f21e\" data-element_type=\"section\">\n\t\t\t\t\t\t<div class=\"elementor-container elementor-column-gap-default\">\n\t\t\t\t\t<div class=\"elementor-column elementor-col-50 elementor-top-column elementor-element elementor-element-bbee1c7\" data-id=\"bbee1c7\" data-element_type=\"column\">\n\t\t\t<div class=\"elementor-widget-wrap elementor-element-populated\">\n\t\t\t\t\t\t<div class=\"elementor-element elementor-element-bb681af elementor-widget elementor-widget-image\" data-id=\"bb681af\" data-element_type=\"widget\" data-widget_type=\"image.default\">\n\t\t\t\t<div class=\"elementor-widget-container\">\n\t\t\t\t\t\t\t\t\t\t\t\t\t<img decoding=\"async\" width=\"1024\" height=\"682\" src=\"https:\/\/www.mysmartcad.com\/wp-content\/uploads\/2024\/05\/pexels-fauxels-3184306-1024x682.jpg\" class=\"attachment-large size-large wp-image-68\" alt=\"\" srcset=\"https:\/\/www.mysmartcad.com\/wp-content\/uploads\/2024\/05\/pexels-fauxels-3184306-1024x682.jpg 1024w, https:\/\/www.mysmartcad.com\/wp-content\/uploads\/2024\/05\/pexels-fauxels-3184306-300x200.jpg 300w, https:\/\/www.mysmartcad.com\/wp-content\/uploads\/2024\/05\/pexels-fauxels-3184306-768x512.jpg 768w, https:\/\/www.mysmartcad.com\/wp-content\/uploads\/2024\/05\/pexels-fauxels-3184306.jpg 1280w\" sizes=\"(max-width: 1024px) 100vw, 1024px\" \/>\t\t\t\t\t\t\t\t\t\t\t\t\t<\/div>\n\t\t\t\t<\/div>\n\t\t\t\t<div class=\"elementor-element elementor-element-6813c6d elementor-widget elementor-widget-text-editor\" data-id=\"6813c6d\" data-element_type=\"widget\" data-widget_type=\"text-editor.default\">\n\t\t\t\t<div class=\"elementor-widget-container\">\n\t\t\t\t\t\t\tDe plus, nous respectons et honorons profond\u00e9ment les questions de confidentialit\u00e9, garantissant ainsi une base de confiance dans toutes les interactions.\t\t\t\t\t\t<\/div>\n\t\t\t\t<\/div>\n\t\t\t\t\t<\/div>\n\t\t<\/div>\n\t\t\t\t<div class=\"elementor-column elementor-col-50 elementor-top-column elementor-element elementor-element-c2b62a2\" data-id=\"c2b62a2\" data-element_type=\"column\">\n\t\t\t<div class=\"elementor-widget-wrap elementor-element-populated\">\n\t\t\t\t\t\t<div class=\"elementor-element elementor-element-139e877 elementor-widget elementor-widget-text-editor\" data-id=\"139e877\" data-element_type=\"widget\" data-widget_type=\"text-editor.default\">\n\t\t\t\t<div class=\"elementor-widget-container\">\n\t\t\t\t\t\t\tNotre expertise est \u00e0 la fois fiable et respect\u00e9e, favorisant des relations solides fond\u00e9es sur l\u2019ouverture et l\u2019honn\u00eatet\u00e9. Nous vous encourageons \u00e0 rompre avec les sch\u00e9mas de pens\u00e9e familiers, \u00e9liminer la peur gr\u00e2ce \u00e0 la transparence et au libre \u00e9change d\u2019informations, qu\u2019il s\u2019agisse de bonnes ou de mauvaises nouvelles. \t\t\t\t\t\t<\/div>\n\t\t\t\t<\/div>\n\t\t\t\t\t<\/div>\n\t\t<\/div>\n\t\t\t\t\t<\/div>\n\t\t<\/section>\n\t\t\t\t<section class=\"elementor-section elementor-top-section elementor-element elementor-element-3a9a09c elementor-section-boxed elementor-section-height-default elementor-section-height-default\" data-id=\"3a9a09c\" data-element_type=\"section\">\n\t\t\t\t\t\t<div class=\"elementor-container elementor-column-gap-default\">\n\t\t\t\t\t<div class=\"elementor-column elementor-col-100 elementor-top-column elementor-element elementor-element-f3eb1eb\" data-id=\"f3eb1eb\" data-element_type=\"column\">\n\t\t\t<div class=\"elementor-widget-wrap elementor-element-populated\">\n\t\t\t\t\t\t<div class=\"elementor-element elementor-element-be96ab9 elementor-widget elementor-widget-heading\" data-id=\"be96ab9\" data-element_type=\"widget\" data-widget_type=\"heading.default\">\n\t\t\t\t<div class=\"elementor-widget-container\">\n\t\t\t<h2 class=\"elementor-heading-title elementor-size-default\"> Centr\u00e9e sur<span style=\"color:#ee612c\"> les r\u00e9sultats<\/span><\/h2>\t\t<\/div>\n\t\t\t\t<\/div>\n\t\t\t\t\t<\/div>\n\t\t<\/div>\n\t\t\t\t\t<\/div>\n\t\t<\/section>\n\t\t\t\t<section class=\"elementor-section elementor-top-section elementor-element elementor-element-24d17bb elementor-section-boxed elementor-section-height-default elementor-section-height-default\" data-id=\"24d17bb\" data-element_type=\"section\">\n\t\t\t\t\t\t<div class=\"elementor-container elementor-column-gap-default\">\n\t\t\t\t\t<div class=\"elementor-column elementor-col-50 elementor-top-column elementor-element elementor-element-23e5ba4\" data-id=\"23e5ba4\" data-element_type=\"column\">\n\t\t\t<div class=\"elementor-widget-wrap elementor-element-populated\">\n\t\t\t\t\t\t<div class=\"elementor-element elementor-element-8171c50 elementor-widget elementor-widget-image\" data-id=\"8171c50\" data-element_type=\"widget\" data-widget_type=\"image.default\">\n\t\t\t\t<div class=\"elementor-widget-container\">\n\t\t\t\t\t\t\t\t\t\t\t\t\t<img decoding=\"async\" width=\"1024\" height=\"678\" src=\"https:\/\/www.mysmartcad.com\/wp-content\/uploads\/2024\/05\/pexels-goumbik-669619-1024x678.jpg\" class=\"attachment-large size-large wp-image-337\" alt=\"\" srcset=\"https:\/\/www.mysmartcad.com\/wp-content\/uploads\/2024\/05\/pexels-goumbik-669619-1024x678.jpg 1024w, https:\/\/www.mysmartcad.com\/wp-content\/uploads\/2024\/05\/pexels-goumbik-669619-300x199.jpg 300w, https:\/\/www.mysmartcad.com\/wp-content\/uploads\/2024\/05\/pexels-goumbik-669619-768x509.jpg 768w, https:\/\/www.mysmartcad.com\/wp-content\/uploads\/2024\/05\/pexels-goumbik-669619.jpg 1280w\" sizes=\"(max-width: 1024px) 100vw, 1024px\" \/>\t\t\t\t\t\t\t\t\t\t\t\t\t<\/div>\n\t\t\t\t<\/div>\n\t\t\t\t<div class=\"elementor-element elementor-element-6ae5139 elementor-widget elementor-widget-text-editor\" data-id=\"6ae5139\" data-element_type=\"widget\" data-widget_type=\"text-editor.default\">\n\t\t\t\t<div class=\"elementor-widget-container\">\n\t\t\t\t\t\t\t Nous valorisons l\u2019action plut\u00f4t que\nles simples paroles, la consid\u00e9rant\ncomme un v\u00e9ritable indicateur de\nnotre engagement.\t\t\t\t\t\t<\/div>\n\t\t\t\t<\/div>\n\t\t\t\t\t<\/div>\n\t\t<\/div>\n\t\t\t\t<div class=\"elementor-column elementor-col-50 elementor-top-column elementor-element elementor-element-8c8d68c\" data-id=\"8c8d68c\" data-element_type=\"column\">\n\t\t\t<div class=\"elementor-widget-wrap elementor-element-populated\">\n\t\t\t\t\t\t<div class=\"elementor-element elementor-element-6f4c411 elementor-widget elementor-widget-text-editor\" data-id=\"6f4c411\" data-element_type=\"widget\" data-widget_type=\"text-editor.default\">\n\t\t\t\t<div class=\"elementor-widget-container\">\n\t\t\t\t\t\t\tNous contribuons au succ\u00e8s de nos clients en les aidant \u00e0 r\u00e9soudre leurs probl\u00e8mes, \u00e0 respecter les d\u00e9lais et \u00e0 am\u00e9liorer leur efficacit\u00e9. Nous partageons en toute\ntransparence les informations\npertinentes.\t\t\t\t\t\t<\/div>\n\t\t\t\t<\/div>\n\t\t\t\t\t<\/div>\n\t\t<\/div>\n\t\t\t\t\t<\/div>\n\t\t<\/section>\n\t\t\t\t<section class=\"elementor-section elementor-top-section elementor-element elementor-element-3463cfa1 elementor-section-boxed elementor-section-height-default elementor-section-height-default\" data-id=\"3463cfa1\" data-element_type=\"section\">\n\t\t\t\t\t\t<div class=\"elementor-container elementor-column-gap-default\">\n\t\t\t\t\t<div class=\"elementor-column elementor-col-50 elementor-top-column elementor-element elementor-element-21dbe4f2\" data-id=\"21dbe4f2\" data-element_type=\"column\">\n\t\t\t<div class=\"elementor-widget-wrap elementor-element-populated\">\n\t\t\t\t\t\t<div class=\"elementor-element elementor-element-8deb76a elementor-widget elementor-widget-heading\" data-id=\"8deb76a\" data-element_type=\"widget\" data-widget_type=\"heading.default\">\n\t\t\t\t<div class=\"elementor-widget-container\">\n\t\t\t<h3 class=\"elementor-heading-title elementor-size-default\">La satisfaction du\n<span style=\"color:#ee612c\">client<\/span> <\/h3>\t\t<\/div>\n\t\t\t\t<\/div>\n\t\t\t\t<div class=\"elementor-element elementor-element-17056ea elementor-widget elementor-widget-text-editor\" data-id=\"17056ea\" data-element_type=\"widget\" data-widget_type=\"text-editor.default\">\n\t\t\t\t<div class=\"elementor-widget-container\">\n\t\t\t\t\t\t\tNous nous effor\u00e7ons de d\u00e9passer les\nattentes de nos clients. Nous \u00e9coutons\nactivement nos clients, valorisons leurs\ncommentaires et les consultons activement pour des d\u00e9cisions importantes, convaincus qu'ils ont des contributions pr\u00e9cieuses \u00e0 apporter. Nous r\u00e9pondons rapidement et de mani\u00e8re urgente aux commentaires de nos\nclients, qu\u2019il s\u2019agisse de plaintes ou de\nsuggestions, en priorisant leurs besoins.\n\t\t\t\t\t\t<\/div>\n\t\t\t\t<\/div>\n\t\t\t\t<div class=\"elementor-element elementor-element-9e2951a elementor-align-left elementor-mobile-align-center elementor-widget elementor-widget-button\" data-id=\"9e2951a\" data-element_type=\"widget\" data-widget_type=\"button.default\">\n\t\t\t\t<div class=\"elementor-widget-container\">\n\t\t\t\t\t<div class=\"elementor-button-wrapper\">\n\t\t\t<a class=\"elementor-button elementor-button-link elementor-size-sm\" href=\"https:\/\/www.mysmartcad.com\/fr\/contact-us\/\">\n\t\t\t\t\t\t<span class=\"elementor-button-content-wrapper\">\n\t\t\t\t\t\t<span class=\"elementor-button-icon elementor-align-icon-right\">\n\t\t\t\t<svg aria-hidden=\"true\" class=\"e-font-icon-svg e-far-paper-plane\" viewbox=\"0 0 512 512\" xmlns=\"http:\/\/www.w3.org\/2000\/svg\"><path d=\"M440 6.5L24 246.4c-34.4 19.9-31.1 70.8 5.7 85.9L144 379.6V464c0 46.4 59.2 65.5 86.6 28.6l43.8-59.1 111.9 46.2c5.9 2.4 12.1 3.6 18.3 3.6 8.2 0 16.3-2.1 23.6-6.2 12.8-7.2 21.6-20 23.9-34.5l59.4-387.2c6.1-40.1-36.9-68.8-71.5-48.9zM192 464v-64.6l36.6 15.1L192 464zm212.6-28.7l-153.8-63.5L391 169.5c10.7-15.5-9.5-33.5-23.7-21.2L155.8 332.6 48 288 464 48l-59.4 387.3z\"><\/path><\/svg>\t\t\t<\/span>\n\t\t\t\t\t\t\t\t\t<span class=\"elementor-button-text\">Contactez nous<\/span>\n\t\t\t\t\t<\/span>\n\t\t\t\t\t<\/a>\n\t\t<\/div>\n\t\t\t\t<\/div>\n\t\t\t\t<\/div>\n\t\t\t\t\t<\/div>\n\t\t<\/div>\n\t\t\t\t<div class=\"elementor-column elementor-col-50 elementor-top-column elementor-element elementor-element-3424c2a4\" data-id=\"3424c2a4\" data-element_type=\"column\">\n\t\t\t<div class=\"elementor-widget-wrap elementor-element-populated\">\n\t\t\t\t\t\t<div class=\"elementor-element elementor-element-5c0dd2be elementor-widget elementor-widget-image\" data-id=\"5c0dd2be\" data-element_type=\"widget\" data-widget_type=\"image.default\">\n\t\t\t\t<div class=\"elementor-widget-container\">\n\t\t\t\t\t\t\t\t\t\t\t\t\t<img loading=\"lazy\" decoding=\"async\" width=\"420\" height=\"280\" src=\"https:\/\/www.mysmartcad.com\/wp-content\/uploads\/2024\/05\/mission.jpg\" class=\"attachment-full size-full wp-image-272\" alt=\"\" srcset=\"https:\/\/www.mysmartcad.com\/wp-content\/uploads\/2024\/05\/mission.jpg 420w, https:\/\/www.mysmartcad.com\/wp-content\/uploads\/2024\/05\/mission-300x200.jpg 300w\" sizes=\"(max-width: 420px) 100vw, 420px\" \/>\t\t\t\t\t\t\t\t\t\t\t\t\t<\/div>\n\t\t\t\t<\/div>\n\t\t\t\t<div class=\"elementor-element elementor-element-a46c42d elementor-widget elementor-widget-heading\" data-id=\"a46c42d\" data-element_type=\"widget\" data-widget_type=\"heading.default\">\n\t\t\t\t<div class=\"elementor-widget-container\">\n\t\t\t<h3 class=\"elementor-heading-title elementor-size-default\">Au service de nos \n<span style=\"color:#ee612c\">communaut\u00e9s<\/span> <\/h3>\t\t<\/div>\n\t\t\t\t<\/div>\n\t\t\t\t<div class=\"elementor-element elementor-element-ed08376 elementor-widget elementor-widget-text-editor\" data-id=\"ed08376\" data-element_type=\"widget\" data-widget_type=\"text-editor.default\">\n\t\t\t\t<div class=\"elementor-widget-container\">\n\t\t\t\t\t\t\tNous nous engageons \u00e0 doter les enfants de comp\u00e9tences en ing\u00e9nierie, leur permettant de donner vie \u00e0 leurs id\u00e9es. Nous accompagnons les enfants d'\u00e2ge scolaire dans la conception et la construction de leurs cr\u00e9ations. Pr\u00e9sentation de la CAO et de l'impression 3D aux enfants du monde entier \nest dans notre mission. Nous offrons notre temps et nos ressources chaque fois que cela est possible, favorisant le d\u00e9veloppement des enfants gr\u00e2ce au mentorat et au coaching.\t\t\t\t\t\t<\/div>\n\t\t\t\t<\/div>\n\t\t\t\t\t<\/div>\n\t\t<\/div>\n\t\t\t\t\t<\/div>\n\t\t<\/section>\n\t\t\t\t<\/div>","protected":false},"excerpt":{"rendered":"<p>Our Mission Mission Statement Our expertise is both trusted and respected, fostering strong relationships built on openness and honesty. We encourage breaking away from familiar thinking patterns, and eliminating fear through transparency and free exchange of information, be it good or bad news. Additionally, we deeply respect and honor matters of confidentiality, ensuring a foundation [&hellip;]<\/p>","protected":false},"author":1,"featured_media":0,"parent":0,"menu_order":0,"comment_status":"closed","ping_status":"closed","template":"elementor_header_footer","meta":{"footnotes":""},"class_list":["post-19","page","type-page","status-publish","hentry","entry"],"_links":{"self":[{"href":"https:\/\/www.mysmartcad.com\/fr\/wp-json\/wp\/v2\/pages\/19","targetHints":{"allow":["GET"]}}],"collection":[{"href":"https:\/\/www.mysmartcad.com\/fr\/wp-json\/wp\/v2\/pages"}],"about":[{"href":"https:\/\/www.mysmartcad.com\/fr\/wp-json\/wp\/v2\/types\/page"}],"author":[{"embeddable":true,"href":"https:\/\/www.mysmartcad.com\/fr\/wp-json\/wp\/v2\/users\/1"}],"replies":[{"embeddable":true,"href":"https:\/\/www.mysmartcad.com\/fr\/wp-json\/wp\/v2\/comments?post=19"}],"version-history":[{"count":88,"href":"https:\/\/www.mysmartcad.com\/fr\/wp-json\/wp\/v2\/pages\/19\/revisions"}],"predecessor-version":[{"id":447,"href":"https:\/\/www.mysmartcad.com\/fr\/wp-json\/wp\/v2\/pages\/19\/revisions\/447"}],"wp:attachment":[{"href":"https:\/\/www.mysmartcad.com\/fr\/wp-json\/wp\/v2\/media?parent=19"}],"curies":[{"name":"wp","href":"https:\/\/api.w.org\/{rel}","templated":true}]}}